{"id":102,"date":"2023-02-25T00:15:06","date_gmt":"2023-02-24T23:15:06","guid":{"rendered":"https:\/\/drgyorsok.hu\/?page_id=102"},"modified":"2023-02-25T00:15:22","modified_gmt":"2023-02-24T23:15:22","slug":"vizsgalatok","status":"publish","type":"page","link":"https:\/\/drgyorsok.hu\/?page_id=102","title":{"rendered":"Vizsg\u00e1latok"},"content":{"rendered":"\n<p><a href=\"https:\/\/drgyorsok.hu\/?page_id=89\" data-type=\"URL\" data-id=\"https:\/\/drgyorsok.hu\/?page_id=89\">Milyen betegs\u00e9gekkel forduljanak hozz\u00e1m?<\/a><\/p>\n\n\n\n<p><a href=\"https:\/\/drgyorsok.hu\/?page_id=91\" data-type=\"URL\" data-id=\"https:\/\/drgyorsok.hu\/?page_id=91\">A vizsg\u00e1lat menete<\/a><\/p>\n\n\n\n<p><a href=\"https:\/\/drgyorsok.hu\/?page_id=95\" data-type=\"URL\" data-id=\"https:\/\/drgyorsok.hu\/?page_id=95\">Mit vigyen a sz\u00fcl\u0151 a kivizsg\u00e1l\u00e1sra?<\/a><\/p>\n","protected":false},"excerpt":{"rendered":"<p>Milyen betegs\u00e9gekkel forduljanak hozz\u00e1m? A vizsg\u00e1lat menete Mit vigyen a sz\u00fcl\u0151 a kivizsg\u00e1l\u00e1sra?<\/p>\n","protected":false},"author":2,"featured_media":0,"parent":0,"menu_order":0,"comment_status":"closed","ping_status":"closed","template":"page-templates\/no-sidebar.php","meta":{"footnotes":""},"class_list":["post-102","page","type-page","status-publish","hentry"],"_links":{"self":[{"href":"https:\/\/drgyorsok.hu\/index.php?rest_route=\/wp\/v2\/pages\/102","targetHints":{"allow":["GET"]}}],"collection":[{"href":"https:\/\/drgyorsok.hu\/index.php?rest_route=\/wp\/v2\/pages"}],"about":[{"href":"https:\/\/drgyorsok.hu\/index.php?rest_route=\/wp\/v2\/types\/page"}],"author":[{"embeddable":true,"href":"https:\/\/drgyorsok.hu\/index.php?rest_route=\/wp\/v2\/users\/2"}],"replies":[{"embeddable":true,"href":"https:\/\/drgyorsok.hu\/index.php?rest_route=%2Fwp%2Fv2%2Fcomments&post=102"}],"version-history":[{"count":4,"href":"https:\/\/drgyorsok.hu\/index.php?rest_route=\/wp\/v2\/pages\/102\/revisions"}],"predecessor-version":[{"id":106,"href":"https:\/\/drgyorsok.hu\/index.php?rest_route=\/wp\/v2\/pages\/102\/revisions\/106"}],"wp:attachment":[{"href":"https:\/\/drgyorsok.hu\/index.php?rest_route=%2Fwp%2Fv2%2Fmedia&parent=102"}],"curies":[{"name":"wp","href":"https:\/\/api.w.org\/{rel}","templated":true}]}}