{"id":89,"date":"2023-02-24T23:50:02","date_gmt":"2023-02-24T22:50:02","guid":{"rendered":"https:\/\/drgyorsok.hu\/?page_id=89"},"modified":"2023-02-26T15:31:48","modified_gmt":"2023-02-26T14:31:48","slug":"milyen-betegsegekkel-forduljanak-hozzam","status":"publish","type":"page","link":"https:\/\/drgyorsok.hu\/?page_id=89","title":{"rendered":"Milyen betegs\u00e9gekkel forduljanak hozz\u00e1m?"},"content":{"rendered":"\n<h3 class=\"wp-block-heading\">Kivizsg\u00e1l\u00e1s \u00e9s tan\u00e1csad\u00e1s<\/h3>\n\n\n\n<p>Seg\u00edthetek annak meg\u00edt\u00e9l\u00e9s\u00e9ben, hogy a csecsem\u0151 vagy korasz\u00fcl\u00f6tt&nbsp;<strong>baba fejl\u0151d\u00e9se megfelel\u0151en alakult-e<\/strong>, van-e sz\u00fcks\u00e9ge a csecsem\u0151nek, korasz\u00fcl\u00f6ttnek&nbsp;<strong>speci\u00e1lis fejleszt\u00e9sre<\/strong>. Tan\u00e1csot adhatok&nbsp;<strong>\u00f3vod\u00e1skor\u00fa<\/strong>&nbsp;gyermek\u00e9nek&nbsp;<strong>neurol\u00f3giai fejletts\u00e9gi<\/strong>&nbsp;\u00e1llapot\u00e1r\u00f3l, van-e sz\u00fcks\u00e9ge a gyermeknek a beiskol\u00e1z\u00e1s el\u0151tt&nbsp;<strong>psychopedag\u00f3giai vizsg\u00e1latra<\/strong>, fejleszt\u00e9sre.<\/p>\n\n\n\n<p>Sz\u00edvesen foglalkozom&nbsp;<strong>migr\u00e9nes<\/strong>&nbsp;\u00e9s egy\u00e9b ok miatti&nbsp;<strong>fejf\u00e1j\u00f3s gyermekekkel, kamaszokkal<\/strong>&nbsp;is. Ha a sz\u00fcl\u0151 bizonytalan abban, hogy a gyermek\u00e9n\u00e9l \u00e9szlelt t\u00fcnetek&nbsp;<strong>lelki okokra<\/strong>&nbsp;vezethet\u0151k-e vissza,&nbsp;<strong>vagy szervi ideggy\u00f3gy\u00e1szati betegs\u00e9g<\/strong>&nbsp;\u00e1ll a panaszok h\u00e1tter\u00e9ben, seg\u00edthetek az okok elk\u00fcl\u00f6n\u00edt\u00e9s\u00e9ben.<\/p>\n\n\n\n<p><strong>Kamaszkorban<\/strong>, a hormon\u00e1lis v\u00e1ltoz\u00e1sok idej\u00e9n gyakran el\u0151fordul fejf\u00e1j\u00e1s, sz\u00e9d\u00fcl\u00e9s, bizonytalan rosszull\u00e9t, esetleg \u00e1jul\u00e1s is. A neurol\u00f3giai vizsg\u00e1latot k\u00f6vet\u0151en&nbsp;<strong>elk\u00fcl\u00f6n\u00edthetj\u00fck az esetleges betegs\u00e9get<\/strong>&nbsp;a term\u00e9szetes biol\u00f3giai v\u00e1ltoz\u00e1sok k\u00f6vetkezm\u00e9nyeit\u0151l, megbesz\u00e9lhetj\u00fck, hogy milyen \u00e9letm\u00f3d mellett jelentkezne ritk\u00e1bban&nbsp; kamaszkori rosszull\u00e9t.<\/p>\n\n\n\n<h3 class=\"wp-block-heading\">Epilepszia<\/h3>\n\n\n\n<p>Az \u00e9rdekl\u0151d\u00e9sem k\u00f6z\u00e9ppontj\u00e1ban \u00e1ll az&nbsp;<strong>epilepszia<\/strong>&nbsp;betegs\u00e9g&nbsp;<strong>diagnosztiz\u00e1l\u00e1sa, gy\u00f3gyszeres kezel\u00e9se<\/strong>, speci\u00e1lis esetben&nbsp;<strong>m\u0171t\u00e9t el\u0151tti kivizsg\u00e1l\u00e1sa<\/strong>, illetve&nbsp;<strong>m\u0171t\u00e9t ut\u00e1ni kezel\u00e9se<\/strong>&nbsp;\u00e9s gondoz\u00e1sa.&nbsp;Az epilepszia&nbsp;<strong>csecsem\u0151kori, kisgyermekkori \u00e9s kamaszkori<\/strong>&nbsp;form\u00e1j\u00e1nak kivizsg\u00e1l\u00e1s\u00e1val, gy\u00f3gyszeres kezel\u00e9s\u00e9vel, m\u0171t\u00e9ti kivizsg\u00e1l\u00e1s\u00e1val egyar\u00e1nt foglalkozom. Kisdedkorban a g\u00f6rcs\u00f6s \u00e1llapotot gyakran l\u00e1zas, hurutos betegs\u00e9g provok\u00e1lja. Foglalkozom a&nbsp;<strong>l\u00e1zg\u00f6rcs<\/strong>, az \u00e9rzelmi ok provok\u00e1lta, \u00fagynevezett&nbsp;<strong>affekt\u00edv ok miatti l\u00e9gz\u00e9s elakad\u00e1s<\/strong>&nbsp;kivizsg\u00e1l\u00e1s\u00e1val, az epilepszi\u00e1t\u00f3l val\u00f3 elk\u00fcl\u00f6n\u00edt\u00e9s\u00e9vel is.<\/p>\n\n\n\n<h3 class=\"wp-block-heading\">S\u00falyosabb betegs\u00e9gek<\/h3>\n\n\n\n<p>A gyermekideggy\u00f3gy\u00e1szati betegs\u00e9gek&nbsp;<strong>egy r\u00e9sze sajnos s\u00falyos velesz\u00fcletett<\/strong>&nbsp;vagy szerzett betegs\u00e9g, egy r\u00e9sz\u00fck idegseb\u00e9szeti beavatkoz\u00e1st tesz sz\u00fcks\u00e9gess\u00e9. Ezeknek a betegs\u00e9geknek a&nbsp;<strong>felismer\u00e9s\u00e9ben<\/strong>, a&nbsp;<strong>m\u0171t\u00e9t el\u0151tti kivizsg\u00e1l\u00e1s\u00e1ban<\/strong>, a&nbsp;<strong>m\u0171t\u00e9t ut\u00e1ni gondoz\u00e1s\u00e1ban<\/strong>&nbsp;nagy tapasztalattal tev\u00e9kenykedem:<\/p>\n\n\n\n<ul class=\"wp-block-list\">\n<li><strong>agydaganatos<\/strong>&nbsp;\u00e9s&nbsp;<strong>gerinc daganatos<\/strong>&nbsp;betegek<\/li>\n\n\n\n<li><strong>agyi fejl\u0151d\u00e9si rendelleness\u00e9gek<\/strong><\/li>\n\n\n\n<li><strong>agyi erek<\/strong>&nbsp;fejl\u0151d\u00e9si rendelleness\u00e9gei<\/li>\n\n\n\n<li>a&nbsp;<strong>gerinc<\/strong>&nbsp;fejl\u0151d\u00e9si rendelleness\u00e9gei,&nbsp;<strong>nyitott gerinc<\/strong>&nbsp;\u00e9s annak k\u00f6vetkezm\u00e9nyei<\/li>\n\n\n\n<li>a korasz\u00fcl\u00f6ttekn\u00e9l nem ritk\u00e1n el\u0151fordul\u00f3&nbsp;<strong>v\u00edzfej\u0171s\u00e9g (hydrocephalus)<\/strong><\/li>\n\n\n\n<li>a&nbsp;<strong>kutacs korai z\u00e1r\u00f3d\u00e1sa<\/strong><\/li>\n\n\n\n<li>a&nbsp;<strong>koponya alaki elt\u00e9r\u00e9sei<\/strong>, koponyacsontosod\u00e1si zavarok, (craniostenosis, scaphocephalia)<\/li>\n<\/ul>\n\n\n\n<div class=\"wp-block-buttons is-content-justification-center is-layout-flex wp-container-core-buttons-is-layout-16018d1d wp-block-buttons-is-layout-flex\">\n<div class=\"wp-block-button is-style-fill\"><a class=\"wp-block-button__link has-white-color has-text-color has-background wp-element-button\" href=\"https:\/\/drgyorsok.hu\/?page_id=91\" style=\"border-radius:0px;background-color:#69ad6a\">A vizsg\u00e1lat menete<\/a><\/div>\n<\/div>\n","protected":false},"excerpt":{"rendered":"<p>Kivizsg\u00e1l\u00e1s \u00e9s tan\u00e1csad\u00e1s Seg\u00edthetek annak meg\u00edt\u00e9l\u00e9s\u00e9ben, hogy a csecsem\u0151 vagy korasz\u00fcl\u00f6tt&nbsp;baba fejl\u0151d\u00e9se megfelel\u0151en alakult-e, van-e sz\u00fcks\u00e9ge a csecsem\u0151nek, korasz\u00fcl\u00f6ttnek&nbsp;speci\u00e1lis fejleszt\u00e9sre. Tan\u00e1csot adhatok&nbsp;\u00f3vod\u00e1skor\u00fa&nbsp;gyermek\u00e9nek&nbsp;neurol\u00f3giai fejletts\u00e9gi&nbsp;\u00e1llapot\u00e1r\u00f3l, van-e sz\u00fcks\u00e9ge a gyermeknek a beiskol\u00e1z\u00e1s el\u0151tt&nbsp;psychopedag\u00f3giai vizsg\u00e1latra, fejleszt\u00e9sre. Sz\u00edvesen foglalkozom&nbsp;migr\u00e9nes&nbsp;\u00e9s egy\u00e9b ok miatti&nbsp;fejf\u00e1j\u00f3s gyermekekkel, kamaszokkal&nbsp;is. Ha a sz\u00fcl\u0151 bizonytalan abban, hogy a gyermek\u00e9n\u00e9l \u00e9szlelt t\u00fcnetek&nbsp;lelki okokra&nbsp;vezethet\u0151k-e vissza,&nbsp;vagy szervi ideggy\u00f3gy\u00e1szati betegs\u00e9g&nbsp;\u00e1ll a<\/p>\n<div><a class=\"btn-filled btn\" href=\"https:\/\/drgyorsok.hu\/?page_id=89\" title=\"Milyen betegs\u00e9gekkel forduljanak hozz\u00e1m?\">Read More<\/a><\/div>\n","protected":false},"author":2,"featured_media":0,"parent":0,"menu_order":0,"comment_status":"closed","ping_status":"closed","template":"page-templates\/no-sidebar.php","meta":{"footnotes":""},"class_list":["post-89","page","type-page","status-publish","hentry"],"_links":{"self":[{"href":"https:\/\/drgyorsok.hu\/index.php?rest_route=\/wp\/v2\/pages\/89","targetHints":{"allow":["GET"]}}],"collection":[{"href":"https:\/\/drgyorsok.hu\/index.php?rest_route=\/wp\/v2\/pages"}],"about":[{"href":"https:\/\/drgyorsok.hu\/index.php?rest_route=\/wp\/v2\/types\/page"}],"author":[{"embeddable":true,"href":"https:\/\/drgyorsok.hu\/index.php?rest_route=\/wp\/v2\/users\/2"}],"replies":[{"embeddable":true,"href":"https:\/\/drgyorsok.hu\/index.php?rest_route=%2Fwp%2Fv2%2Fcomments&post=89"}],"version-history":[{"count":4,"href":"https:\/\/drgyorsok.hu\/index.php?rest_route=\/wp\/v2\/pages\/89\/revisions"}],"predecessor-version":[{"id":115,"href":"https:\/\/drgyorsok.hu\/index.php?rest_route=\/wp\/v2\/pages\/89\/revisions\/115"}],"wp:attachment":[{"href":"https:\/\/drgyorsok.hu\/index.php?rest_route=%2Fwp%2Fv2%2Fmedia&parent=89"}],"curies":[{"name":"wp","href":"https:\/\/api.w.org\/{rel}","templated":true}]}}