{"id":9,"date":"2023-02-11T14:42:51","date_gmt":"2023-02-11T13:42:51","guid":{"rendered":"https:\/\/drgyorsok.hu\/?page_id=9"},"modified":"2023-02-23T23:04:59","modified_gmt":"2023-02-23T22:04:59","slug":"front-page","status":"publish","type":"page","link":"https:\/\/drgyorsok.hu\/","title":{"rendered":"Gyermeke eg\u00e9szs\u00e9ge az \u00d6n nyugalma"},"content":{"rendered":"\n<p class=\"has-black-color has-text-color\">Dr. Gyorsok Zsuzsanna gyermekneurol\u00f3gus honlapja<\/p>\n","protected":false},"excerpt":{"rendered":"<p>Dr. Gyorsok Zsuzsanna gyermekneurol\u00f3gus honlapja<\/p>\n","protected":false},"author":2,"featured_media":12,"parent":0,"menu_order":0,"comment_status":"closed","ping_status":"open","template":"page-templates\/template-home.php","meta":{"footnotes":""},"class_list":["post-9","page","type-page","status-publish","has-post-thumbnail","hentry"],"_links":{"self":[{"href":"https:\/\/drgyorsok.hu\/index.php?rest_route=\/wp\/v2\/pages\/9","targetHints":{"allow":["GET"]}}],"collection":[{"href":"https:\/\/drgyorsok.hu\/index.php?rest_route=\/wp\/v2\/pages"}],"about":[{"href":"https:\/\/drgyorsok.hu\/index.php?rest_route=\/wp\/v2\/types\/page"}],"author":[{"embeddable":true,"href":"https:\/\/drgyorsok.hu\/index.php?rest_route=\/wp\/v2\/users\/2"}],"replies":[{"embeddable":true,"href":"https:\/\/drgyorsok.hu\/index.php?rest_route=%2Fwp%2Fv2%2Fcomments&post=9"}],"version-history":[{"count":2,"href":"https:\/\/drgyorsok.hu\/index.php?rest_route=\/wp\/v2\/pages\/9\/revisions"}],"predecessor-version":[{"id":55,"href":"https:\/\/drgyorsok.hu\/index.php?rest_route=\/wp\/v2\/pages\/9\/revisions\/55"}],"wp:featuredmedia":[{"embeddable":true,"href":"https:\/\/drgyorsok.hu\/index.php?rest_route=\/wp\/v2\/media\/12"}],"wp:attachment":[{"href":"https:\/\/drgyorsok.hu\/index.php?rest_route=%2Fwp%2Fv2%2Fmedia&parent=9"}],"curies":[{"name":"wp","href":"https:\/\/api.w.org\/{rel}","templated":true}]}}