{"id":95,"date":"2023-02-25T00:06:56","date_gmt":"2023-02-24T23:06:56","guid":{"rendered":"https:\/\/drgyorsok.hu\/?page_id=95"},"modified":"2023-02-26T15:36:13","modified_gmt":"2023-02-26T14:36:13","slug":"mit-vigyen-a-szulo-a-kivizsgalasra","status":"publish","type":"page","link":"https:\/\/drgyorsok.hu\/?page_id=95","title":{"rendered":"Mit vigyen a sz\u00fcl\u0151 a kivizsg\u00e1l\u00e1sra?"},"content":{"rendered":"\n<p>A vizsg\u00e1latra k\u00e9rem, hozza mag\u00e1val a gyermek TAJ sz\u00e1m\u00e1t, sz\u00fclet\u00e9s\u00e9r\u0151l sz\u00f3l\u00f3 z\u00e1r\u00f3jelent\u00e9s\u00e9t, eg\u00e9szs\u00e9g\u00fcgyi kisk\u00f6nyv\u00e9t, az \u00f6sszes kor\u00e1bbi orvosi leleteit, esetleges k\u00f3rh\u00e1zi z\u00e1r\u00f3jelent\u00e9seit id\u0151rendi sorrendbe \u00f6sszerendezve. Ezzel megk\u00f6nny\u00edti az el\u0151zm\u00e9nyek megismer\u00e9s\u00e9t, a t\u00e1j\u00e9koz\u00f3d\u00e1st a kor\u00e1bbi szakmai adatokr\u00f3l, gyermeke kor\u00e1bbi \u00e1llapot\u00e1r\u00f3l.<\/p>\n\n\n\n<p>Ha valaha k\u00e9sz\u00fclt gyermek\u00e9r\u0151l k\u00e9palkot\u00f3 vizsg\u00e1lat, CT, MR, r\u00f6ntgen felv\u00e9tel, ultrahang vizsg\u00e1lat, a leleten k\u00edv\u00fcl a filmeket vagy CD, DVD k\u00e9panyagot is hozza mag\u00e1val.<\/p>\n\n\n<div class=\"wp-block-image\">\n<figure class=\"aligncenter size-large\"><img loading=\"lazy\" decoding=\"async\" width=\"1024\" height=\"682\" src=\"https:\/\/drgyorsok.hu\/wp-content\/uploads\/2023\/02\/IMG_2086-1024x682.jpg\" alt=\"Felk\u00e9sz\u00fcl\u00e9s a vizsg\u00e1latra\" class=\"wp-image-24\" srcset=\"https:\/\/drgyorsok.hu\/wp-content\/uploads\/2023\/02\/IMG_2086-1024x682.jpg 1024w, https:\/\/drgyorsok.hu\/wp-content\/uploads\/2023\/02\/IMG_2086-300x200.jpg 300w, https:\/\/drgyorsok.hu\/wp-content\/uploads\/2023\/02\/IMG_2086-768x512.jpg 768w, https:\/\/drgyorsok.hu\/wp-content\/uploads\/2023\/02\/IMG_2086-1536x1024.jpg 1536w, https:\/\/drgyorsok.hu\/wp-content\/uploads\/2023\/02\/IMG_2086-174x116.jpg 174w, https:\/\/drgyorsok.hu\/wp-content\/uploads\/2023\/02\/IMG_2086.jpg 2000w\" sizes=\"auto, (max-width: 1024px) 100vw, 1024px\" \/><\/figure>\n<\/div>\n\n\n<p>Ha a csal\u00e1dban, rokons\u00e1gban volt valamilyen idegrendszeri megbeteged\u00e9s, \u00f6r\u00f6kletes betegs\u00e9g, az \u00e9rintett rokon betegs\u00e9g\u00e9r\u0151l k\u00e9rjen inform\u00e1ci\u00f3t a csal\u00e1dtagokt\u00f3l, ha van r\u00e1 lehet\u0151s\u00e9g, hozza el a beteg leleteit, k\u00f3rt\u00f6rt\u00e9neti dokument\u00e1ci\u00f3j\u00e1t, k\u00f3rh\u00e1zi z\u00e1r\u00f3jelent\u00e9seit.<\/p>\n\n\n\n<p>Fontos megismerni gyermeke fejl\u0151d\u00e9si m\u00e9rf\u00f6ldk\u00f6veit: mikor fordult hasra, mikor kezdett k\u00faszni, m\u00e1szni, fel\u00fclni, fel\u00e1llni, mikor indult az \u00f6n\u00e1ll\u00f3 j\u00e1r\u00e1s, a besz\u00e9d, mikor lett szobatiszta, \u00e1gytiszta.<\/p>\n\n\n\n<div class=\"wp-block-buttons is-content-justification-center is-layout-flex wp-container-core-buttons-is-layout-16018d1d wp-block-buttons-is-layout-flex\">\n<div class=\"wp-block-button\"><a class=\"wp-block-button__link has-white-color has-text-color has-background wp-element-button\" href=\"https:\/\/drgyorsok.hu\/?page_id=83\" style=\"border-radius:0px;background-color:#69ad6a\">Id\u0151pont foglal\u00e1s<\/a><\/div>\n<\/div>\n","protected":false},"excerpt":{"rendered":"<p>A vizsg\u00e1latra k\u00e9rem, hozza mag\u00e1val a gyermek TAJ sz\u00e1m\u00e1t, sz\u00fclet\u00e9s\u00e9r\u0151l sz\u00f3l\u00f3 z\u00e1r\u00f3jelent\u00e9s\u00e9t, eg\u00e9szs\u00e9g\u00fcgyi kisk\u00f6nyv\u00e9t, az \u00f6sszes kor\u00e1bbi orvosi leleteit, esetleges k\u00f3rh\u00e1zi z\u00e1r\u00f3jelent\u00e9seit id\u0151rendi sorrendbe \u00f6sszerendezve. Ezzel megk\u00f6nny\u00edti az el\u0151zm\u00e9nyek megismer\u00e9s\u00e9t, a t\u00e1j\u00e9koz\u00f3d\u00e1st a kor\u00e1bbi szakmai adatokr\u00f3l, gyermeke kor\u00e1bbi \u00e1llapot\u00e1r\u00f3l. Ha valaha k\u00e9sz\u00fclt gyermek\u00e9r\u0151l k\u00e9palkot\u00f3 vizsg\u00e1lat, CT, MR, r\u00f6ntgen felv\u00e9tel, ultrahang vizsg\u00e1lat, a leleten k\u00edv\u00fcl a<\/p>\n<div><a class=\"btn-filled btn\" href=\"https:\/\/drgyorsok.hu\/?page_id=95\" title=\"Mit vigyen a sz\u00fcl\u0151 a kivizsg\u00e1l\u00e1sra?\">Read More<\/a><\/div>\n","protected":false},"author":2,"featured_media":0,"parent":0,"menu_order":0,"comment_status":"closed","ping_status":"closed","template":"page-templates\/no-sidebar.php","meta":{"footnotes":""},"class_list":["post-95","page","type-page","status-publish","hentry"],"_links":{"self":[{"href":"https:\/\/drgyorsok.hu\/index.php?rest_route=\/wp\/v2\/pages\/95","targetHints":{"allow":["GET"]}}],"collection":[{"href":"https:\/\/drgyorsok.hu\/index.php?rest_route=\/wp\/v2\/pages"}],"about":[{"href":"https:\/\/drgyorsok.hu\/index.php?rest_route=\/wp\/v2\/types\/page"}],"author":[{"embeddable":true,"href":"https:\/\/drgyorsok.hu\/index.php?rest_route=\/wp\/v2\/users\/2"}],"replies":[{"embeddable":true,"href":"https:\/\/drgyorsok.hu\/index.php?rest_route=%2Fwp%2Fv2%2Fcomments&post=95"}],"version-history":[{"count":5,"href":"https:\/\/drgyorsok.hu\/index.php?rest_route=\/wp\/v2\/pages\/95\/revisions"}],"predecessor-version":[{"id":118,"href":"https:\/\/drgyorsok.hu\/index.php?rest_route=\/wp\/v2\/pages\/95\/revisions\/118"}],"wp:attachment":[{"href":"https:\/\/drgyorsok.hu\/index.php?rest_route=%2Fwp%2Fv2%2Fmedia&parent=95"}],"curies":[{"name":"wp","href":"https:\/\/api.w.org\/{rel}","templated":true}]}}